{"id":62,"date":"2021-03-29T10:51:29","date_gmt":"2021-03-29T08:51:29","guid":{"rendered":"http:\/\/people.fberg.tuke.sk\/es\/?page_id=62"},"modified":"2024-08-15T10:10:19","modified_gmt":"2024-08-15T08:10:19","slug":"edicne-stredisko","status":"publish","type":"page","link":"https:\/\/es.fberg.tuke.sk\/","title":{"rendered":"Edi\u010dn\u00e9 stredisko"},"content":{"rendered":"<h1 style=\"text-align: center;\"><strong><span style=\"color: #ff0000;\">OTVOREN\u00c9 <\/span><\/strong><\/h1>\n<h1 style=\"text-align: center;\"><strong><span style=\"color: #ff0000;\">PO \u2013 PI\u00a0\u00a0\u00a0 8,00\u201312,00\u00a0\u00a0 12,30-14,30<\/span><\/strong><\/h1>\n<p style=\"text-align: center;\">Literat\u00faru si m\u00f4\u017eete objedna\u0165 aj mailom na:<\/p>\n<p style=\"text-align: center;\">emilia.hamarova@tuke.sk<br \/>\njanette.drabbova@tuke.sk<\/p>\n<p class=\"hide-if-no-js\"><img loading=\"lazy\" decoding=\"async\" class=\"size-medium wp-image-64 aligncenter\" src=\"http:\/\/people.fberg.tuke.sk\/es\/wp-content\/uploads\/predajna5-3-300x153.png\" alt=\"\" width=\"919\" height=\"468\" srcset=\"https:\/\/es.fberg.tuke.sk\/wp-content\/uploads\/predajna5-3-300x153.png 300w, https:\/\/es.fberg.tuke.sk\/wp-content\/uploads\/predajna5-3-768x392.png 768w, https:\/\/es.fberg.tuke.sk\/wp-content\/uploads\/predajna5-3-600x306.png 600w, https:\/\/es.fberg.tuke.sk\/wp-content\/uploads\/predajna5-3.png 894w\" sizes=\"auto, (max-width: 919px) 100vw, 919px\" \/><\/p>\n","protected":false},"excerpt":{"rendered":"<div class=\"mh-excerpt\"><p>OTVOREN\u00c9 PO \u2013 PI\u00a0\u00a0\u00a0 8,00\u201312,00\u00a0\u00a0 12,30-14,30 Literat\u00faru si m\u00f4\u017eete objedna\u0165 aj mailom na: emilia.hamarova@tuke.sk janette.drabbova@tuke.sk<\/p>\n<\/div>","protected":false},"author":1,"featured_media":0,"parent":0,"menu_order":0,"comment_status":"closed","ping_status":"closed","template":"","meta":{"footnotes":""},"class_list":["post-62","page","type-page","status-publish","hentry"],"_links":{"self":[{"href":"https:\/\/es.fberg.tuke.sk\/index.php\/wp-json\/wp\/v2\/pages\/62","targetHints":{"allow":["GET"]}}],"collection":[{"href":"https:\/\/es.fberg.tuke.sk\/index.php\/wp-json\/wp\/v2\/pages"}],"about":[{"href":"https:\/\/es.fberg.tuke.sk\/index.php\/wp-json\/wp\/v2\/types\/page"}],"author":[{"embeddable":true,"href":"https:\/\/es.fberg.tuke.sk\/index.php\/wp-json\/wp\/v2\/users\/1"}],"replies":[{"embeddable":true,"href":"https:\/\/es.fberg.tuke.sk\/index.php\/wp-json\/wp\/v2\/comments?post=62"}],"version-history":[{"count":21,"href":"https:\/\/es.fberg.tuke.sk\/index.php\/wp-json\/wp\/v2\/pages\/62\/revisions"}],"predecessor-version":[{"id":377,"href":"https:\/\/es.fberg.tuke.sk\/index.php\/wp-json\/wp\/v2\/pages\/62\/revisions\/377"}],"wp:attachment":[{"href":"https:\/\/es.fberg.tuke.sk\/index.php\/wp-json\/wp\/v2\/media?parent=62"}],"curies":[{"name":"wp","href":"https:\/\/api.w.org\/{rel}","templated":true}]}}