{"id":310,"date":"2023-04-03T13:58:12","date_gmt":"2023-04-03T11:58:12","guid":{"rendered":"http:\/\/people.fberg.tuke.sk\/es\/?post_type=product&#038;p=310"},"modified":"2023-04-03T14:35:01","modified_gmt":"2023-04-03T12:35:01","slug":"hnedouholne-banictvo-v-okoli-velkeho-krtisa","status":"publish","type":"product","link":"https:\/\/es.fberg.tuke.sk\/index.php\/produkt\/hnedouholne-banictvo-v-okoli-velkeho-krtisa\/","title":{"rendered":"kniha &#8211; Hnedouho\u013en\u00e9 ban\u00edctvo v okol\u00ed Ve\u013ek\u00e9ho Krt\u00ed\u0161a"},"content":{"rendered":"<p>autori: Pavel Hron\u010dek, Bohuslava Gregorov\u00e1, Ivan Her\u010dko<\/p>\n","protected":false},"excerpt":{"rendered":"<div class=\"mh-excerpt\"><p>autori: Pavel Hron\u010dek, Bohuslava Gregorov\u00e1, Ivan Her\u010dko<\/p>\n<\/div>","protected":false},"featured_media":311,"template":"","meta":[],"product_brand":[],"product_cat":[34],"product_tag":[],"class_list":{"0":"post-310","1":"product","2":"type-product","3":"status-publish","4":"has-post-thumbnail","6":"product_cat-banicke","8":"first","9":"instock","10":"shipping-taxable","11":"purchasable","12":"product-type-simple"},"_links":{"self":[{"href":"https:\/\/es.fberg.tuke.sk\/index.php\/wp-json\/wp\/v2\/product\/310","targetHints":{"allow":["GET"]}}],"collection":[{"href":"https:\/\/es.fberg.tuke.sk\/index.php\/wp-json\/wp\/v2\/product"}],"about":[{"href":"https:\/\/es.fberg.tuke.sk\/index.php\/wp-json\/wp\/v2\/types\/product"}],"wp:featuredmedia":[{"embeddable":true,"href":"https:\/\/es.fberg.tuke.sk\/index.php\/wp-json\/wp\/v2\/media\/311"}],"wp:attachment":[{"href":"https:\/\/es.fberg.tuke.sk\/index.php\/wp-json\/wp\/v2\/media?parent=310"}],"wp:term":[{"taxonomy":"product_brand","embeddable":true,"href":"https:\/\/es.fberg.tuke.sk\/index.php\/wp-json\/wp\/v2\/product_brand?post=310"},{"taxonomy":"product_cat","embeddable":true,"href":"https:\/\/es.fberg.tuke.sk\/index.php\/wp-json\/wp\/v2\/product_cat?post=310"},{"taxonomy":"product_tag","embeddable":true,"href":"https:\/\/es.fberg.tuke.sk\/index.php\/wp-json\/wp\/v2\/product_tag?post=310"}],"curies":[{"name":"wp","href":"https:\/\/api.w.org\/{rel}","templated":true}]}}