{"id":379,"date":"2024-08-15T11:38:48","date_gmt":"2024-08-15T09:38:48","guid":{"rendered":"http:\/\/people.fberg.tuke.sk\/es\/?post_type=product&#038;p=379"},"modified":"2025-01-10T13:39:53","modified_gmt":"2025-01-10T12:39:53","slug":"snurka-s-potlacou-a-visackou","status":"publish","type":"product","link":"https:\/\/es.fberg.tuke.sk\/index.php\/produkt\/snurka-s-potlacou-a-visackou\/","title":{"rendered":"\u0161n\u00farka na menovku s potla\u010dou"},"content":{"rendered":"<p>\u0161n\u00farka s potla\u010dou FBERG, d\u013a\u017eka 45 cm<\/p>\n<p>farba zelen\u00e1\/\u010dierna<\/p>\n","protected":false},"excerpt":{"rendered":"<div class=\"mh-excerpt\"><p>\u0161n\u00farka s potla\u010dou FBERG, d\u013a\u017eka 45 cm farba zelen\u00e1\/\u010dierna<\/p>\n<\/div>","protected":false},"featured_media":383,"template":"","meta":[],"product_brand":[],"product_cat":[40],"product_tag":[],"class_list":{"0":"post-379","1":"product","2":"type-product","3":"status-publish","4":"has-post-thumbnail","6":"product_cat-darcekove-predmety","8":"first","9":"instock","10":"shipping-taxable","11":"purchasable","12":"product-type-simple"},"_links":{"self":[{"href":"https:\/\/es.fberg.tuke.sk\/index.php\/wp-json\/wp\/v2\/product\/379","targetHints":{"allow":["GET"]}}],"collection":[{"href":"https:\/\/es.fberg.tuke.sk\/index.php\/wp-json\/wp\/v2\/product"}],"about":[{"href":"https:\/\/es.fberg.tuke.sk\/index.php\/wp-json\/wp\/v2\/types\/product"}],"wp:featuredmedia":[{"embeddable":true,"href":"https:\/\/es.fberg.tuke.sk\/index.php\/wp-json\/wp\/v2\/media\/383"}],"wp:attachment":[{"href":"https:\/\/es.fberg.tuke.sk\/index.php\/wp-json\/wp\/v2\/media?parent=379"}],"wp:term":[{"taxonomy":"product_brand","embeddable":true,"href":"https:\/\/es.fberg.tuke.sk\/index.php\/wp-json\/wp\/v2\/product_brand?post=379"},{"taxonomy":"product_cat","embeddable":true,"href":"https:\/\/es.fberg.tuke.sk\/index.php\/wp-json\/wp\/v2\/product_cat?post=379"},{"taxonomy":"product_tag","embeddable":true,"href":"https:\/\/es.fberg.tuke.sk\/index.php\/wp-json\/wp\/v2\/product_tag?post=379"}],"curies":[{"name":"wp","href":"https:\/\/api.w.org\/{rel}","templated":true}]}}