{"id":385,"date":"2024-08-15T12:25:21","date_gmt":"2024-08-15T10:25:21","guid":{"rendered":"http:\/\/people.fberg.tuke.sk\/es\/?post_type=product&#038;p=385"},"modified":"2025-01-10T11:16:09","modified_gmt":"2025-01-10T10:16:09","slug":"manikura-v-darcekovom-puzdre-z-bambusu","status":"publish","type":"product","link":"https:\/\/es.fberg.tuke.sk\/index.php\/produkt\/manikura-v-darcekovom-puzdre-z-bambusu\/","title":{"rendered":"Manik\u00fara v dar\u010dekovom p\u00fazdre z bambusu"},"content":{"rendered":"","protected":false},"excerpt":{"rendered":"<div class=\"mh-excerpt\"><\/div>","protected":false},"featured_media":386,"template":"","meta":[],"product_brand":[],"product_cat":[40],"product_tag":[],"class_list":{"0":"post-385","1":"product","2":"type-product","3":"status-publish","4":"has-post-thumbnail","6":"product_cat-darcekove-predmety","8":"first","9":"instock","10":"shipping-taxable","11":"purchasable","12":"product-type-simple"},"_links":{"self":[{"href":"https:\/\/es.fberg.tuke.sk\/index.php\/wp-json\/wp\/v2\/product\/385","targetHints":{"allow":["GET"]}}],"collection":[{"href":"https:\/\/es.fberg.tuke.sk\/index.php\/wp-json\/wp\/v2\/product"}],"about":[{"href":"https:\/\/es.fberg.tuke.sk\/index.php\/wp-json\/wp\/v2\/types\/product"}],"wp:featuredmedia":[{"embeddable":true,"href":"https:\/\/es.fberg.tuke.sk\/index.php\/wp-json\/wp\/v2\/media\/386"}],"wp:attachment":[{"href":"https:\/\/es.fberg.tuke.sk\/index.php\/wp-json\/wp\/v2\/media?parent=385"}],"wp:term":[{"taxonomy":"product_brand","embeddable":true,"href":"https:\/\/es.fberg.tuke.sk\/index.php\/wp-json\/wp\/v2\/product_brand?post=385"},{"taxonomy":"product_cat","embeddable":true,"href":"https:\/\/es.fberg.tuke.sk\/index.php\/wp-json\/wp\/v2\/product_cat?post=385"},{"taxonomy":"product_tag","embeddable":true,"href":"https:\/\/es.fberg.tuke.sk\/index.php\/wp-json\/wp\/v2\/product_tag?post=385"}],"curies":[{"name":"wp","href":"https:\/\/api.w.org\/{rel}","templated":true}]}}