{"id":415,"date":"2024-08-19T09:43:28","date_gmt":"2024-08-19T07:43:28","guid":{"rendered":"http:\/\/people.fberg.tuke.sk\/es\/?post_type=product&#038;p=415"},"modified":"2025-01-10T12:57:51","modified_gmt":"2025-01-10T11:57:51","slug":"zapisnik-2","status":"publish","type":"product","link":"https:\/\/es.fberg.tuke.sk\/index.php\/produkt\/zapisnik-2\/","title":{"rendered":"z\u00e1pisn\u00edk"},"content":{"rendered":"<p>Form\u00e1t A5<\/p>\n","protected":false},"excerpt":{"rendered":"<div class=\"mh-excerpt\"><p>Form\u00e1t A5<\/p>\n<\/div>","protected":false},"featured_media":418,"template":"","meta":[],"product_brand":[],"product_cat":[42],"product_tag":[],"class_list":{"0":"post-415","1":"product","2":"type-product","3":"status-publish","4":"has-post-thumbnail","6":"product_cat-zapisniky","8":"first","9":"instock","10":"shipping-taxable","11":"purchasable","12":"product-type-simple"},"_links":{"self":[{"href":"https:\/\/es.fberg.tuke.sk\/index.php\/wp-json\/wp\/v2\/product\/415","targetHints":{"allow":["GET"]}}],"collection":[{"href":"https:\/\/es.fberg.tuke.sk\/index.php\/wp-json\/wp\/v2\/product"}],"about":[{"href":"https:\/\/es.fberg.tuke.sk\/index.php\/wp-json\/wp\/v2\/types\/product"}],"wp:featuredmedia":[{"embeddable":true,"href":"https:\/\/es.fberg.tuke.sk\/index.php\/wp-json\/wp\/v2\/media\/418"}],"wp:attachment":[{"href":"https:\/\/es.fberg.tuke.sk\/index.php\/wp-json\/wp\/v2\/media?parent=415"}],"wp:term":[{"taxonomy":"product_brand","embeddable":true,"href":"https:\/\/es.fberg.tuke.sk\/index.php\/wp-json\/wp\/v2\/product_brand?post=415"},{"taxonomy":"product_cat","embeddable":true,"href":"https:\/\/es.fberg.tuke.sk\/index.php\/wp-json\/wp\/v2\/product_cat?post=415"},{"taxonomy":"product_tag","embeddable":true,"href":"https:\/\/es.fberg.tuke.sk\/index.php\/wp-json\/wp\/v2\/product_tag?post=415"}],"curies":[{"name":"wp","href":"https:\/\/api.w.org\/{rel}","templated":true}]}}