{"id":434,"date":"2024-08-19T10:42:54","date_gmt":"2024-08-19T08:42:54","guid":{"rendered":"http:\/\/people.fberg.tuke.sk\/es\/?post_type=product&#038;p=434"},"modified":"2025-09-22T10:27:36","modified_gmt":"2025-09-22T08:27:36","slug":"kovove-pero","status":"publish","type":"product","link":"https:\/\/es.fberg.tuke.sk\/index.php\/produkt\/kovove-pero\/","title":{"rendered":"Kovov\u00e9 pero"},"content":{"rendered":"<p>Kovov\u00e9 dotykov\u00e9, guli\u010dkov\u00e9 pero s logom FBERG<\/p>\n<p>Farba \u010dierna so zelenou gumi\u010dkou<\/p>\n","protected":false},"excerpt":{"rendered":"<div class=\"mh-excerpt\"><p>Kovov\u00e9 dotykov\u00e9, guli\u010dkov\u00e9 pero s logom FBERG Farba \u010dierna so zelenou gumi\u010dkou<\/p>\n<\/div>","protected":false},"featured_media":437,"template":"","meta":[],"product_brand":[],"product_cat":[39],"product_tag":[],"class_list":{"0":"post-434","1":"product","2":"type-product","3":"status-publish","4":"has-post-thumbnail","6":"product_cat-pera","8":"first","9":"instock","10":"shipping-taxable","11":"purchasable","12":"product-type-simple"},"_links":{"self":[{"href":"https:\/\/es.fberg.tuke.sk\/index.php\/wp-json\/wp\/v2\/product\/434","targetHints":{"allow":["GET"]}}],"collection":[{"href":"https:\/\/es.fberg.tuke.sk\/index.php\/wp-json\/wp\/v2\/product"}],"about":[{"href":"https:\/\/es.fberg.tuke.sk\/index.php\/wp-json\/wp\/v2\/types\/product"}],"wp:featuredmedia":[{"embeddable":true,"href":"https:\/\/es.fberg.tuke.sk\/index.php\/wp-json\/wp\/v2\/media\/437"}],"wp:attachment":[{"href":"https:\/\/es.fberg.tuke.sk\/index.php\/wp-json\/wp\/v2\/media?parent=434"}],"wp:term":[{"taxonomy":"product_brand","embeddable":true,"href":"https:\/\/es.fberg.tuke.sk\/index.php\/wp-json\/wp\/v2\/product_brand?post=434"},{"taxonomy":"product_cat","embeddable":true,"href":"https:\/\/es.fberg.tuke.sk\/index.php\/wp-json\/wp\/v2\/product_cat?post=434"},{"taxonomy":"product_tag","embeddable":true,"href":"https:\/\/es.fberg.tuke.sk\/index.php\/wp-json\/wp\/v2\/product_tag?post=434"}],"curies":[{"name":"wp","href":"https:\/\/api.w.org\/{rel}","templated":true}]}}